{"id":6102,"date":"2017-02-09T10:42:45","date_gmt":"2017-02-09T10:42:45","guid":{"rendered":"http:\/\/trophy.mikado-themes.com\/?page_id=6102"},"modified":"2023-05-24T13:33:51","modified_gmt":"2023-05-24T13:33:51","slug":"faq","status":"publish","type":"page","link":"https:\/\/placard.gamelabs.pt\/wp\/faq\/","title":{"rendered":"FAQ"},"content":{"rendered":"<section class=\"wpb-content-wrapper\"><p>[vc_row content_width=&#8221;grid&#8221; css=&#8221;.vc_custom_1488963727902{padding-top: 67px !important;padding-bottom: 52px !important;}&#8221;][vc_column offset=&#8221;vc_col-lg-offset-0 vc_col-lg-6 vc_col-md-offset-0 vc_col-md-12&#8243;]<div class=\"mkd-elements-holder mkd-responsive-mode-768\" ><div class=\"mkd-elements-holder-item mkd-width-1-1 mkd-vertical-alignment-middle mkd-horizontal-alignment-left\" data-item-class=\"mkd-elements-holder-custom-820625\" data-768-1024=\"22px 0px 30px 0px\" data-600-768=\"22px 0px 30px 0px\" data-480=\"22px 0px 30px 0px\" >\n    <div class=\"mkd-elements-holder-item-inner\">\n        <div\n            class=\"mkd-elements-holder-item-content mkd-elements-holder-custom-820625\" style=\"padding: 22px 0px 0px 0px\">\n            <div class=\"mkd-elements-holder-item-content-inner\">\n                <div class=\"mkd-accordion-holder clearfix mkd-accordion \">\n    \n<div class=\"mkd-accordion-title-holder\">\n\n    \n    <h6 class=\"clearfix mkd-accordion-title\">\n    O QUE \u00c9 O PLACARD PARTNERS?<\/h6>\n\n<div class=\"mkd-accordion-mark-holder\">\n    <div class=\"mkd-accordion-mark-icon\">\n        <span class=\"arrow_carrot-up mkd-close\"><\/span>\n        <span class=\"arrow_carrot-down mkd-open\"><\/span>\n    <\/div>\n<\/div><!-- .mkd-accordion-mark-holder -->\n\n<\/div><!-- .mkd-accordion-title-holder -->\n<div class=\"mkd-accordion-content\">\n    <div class=\"mkd-accordion-content-inner\">\n        [vc_column_text]Fornecemos uma plataforma moderna e de \u00faltima gera\u00e7\u00e3o, onde afiliados e parceiros podem gerir, seguir e otimizar as suas campanhas de marketing num s\u00f3 lugar. Ao promover nossas marcas nas tuas plataformas, ganhas uma comiss\u00e3o sobre os jogadores e o lucro gerado do Placard.[\/vc_column_text]    <\/div>\n<\/div>\n<div class=\"mkd-accordion-title-holder\">\n\n    \n    <h6 class=\"clearfix mkd-accordion-title\">\n    PORQU\u00ca ESCOLHER O PLACARD<\/h6>\n\n<div class=\"mkd-accordion-mark-holder\">\n    <div class=\"mkd-accordion-mark-icon\">\n        <span class=\"arrow_carrot-up mkd-close\"><\/span>\n        <span class=\"arrow_carrot-down mkd-open\"><\/span>\n    <\/div>\n<\/div><!-- .mkd-accordion-mark-holder -->\n\n<\/div><!-- .mkd-accordion-title-holder -->\n<div class=\"mkd-accordion-content\">\n    <div class=\"mkd-accordion-content-inner\">\n        [vc_column_text]Somos uma empresa orientada para as boas causas \u00e9 certo, mas n\u00e3o esquecemos a nossa aposta em tecnologia, campanhas extraordin\u00e1rias de aquisi\u00e7\u00e3o e reten\u00e7\u00e3o de dados\/IA, sendo que o nosso maior capital \u00e9 o humano, as pessoas que trabalham por tr\u00e1s dos nossos sites para que toda a magia aconte\u00e7a. Somos apaixonados pelo que fazemos e queremos dar utilidade ao nosso talento ao ajudar os nossos afiliados.[\/vc_column_text]    <\/div>\n<\/div>\n<div class=\"mkd-accordion-title-holder\">\n\n    \n    <h6 class=\"clearfix mkd-accordion-title\">\n    COMO ME POSSO INSCREVER?<\/h6>\n\n<div class=\"mkd-accordion-mark-holder\">\n    <div class=\"mkd-accordion-mark-icon\">\n        <span class=\"arrow_carrot-up mkd-close\"><\/span>\n        <span class=\"arrow_carrot-down mkd-open\"><\/span>\n    <\/div>\n<\/div><!-- .mkd-accordion-mark-holder -->\n\n<\/div><!-- .mkd-accordion-title-holder -->\n<div class=\"mkd-accordion-content\">\n    <div class=\"mkd-accordion-content-inner\">\n        [vc_column_text]Para te inscreveres no nosso Programa de Afiliados, basta preencher o formul\u00e1rio de registo e obter a aprova\u00e7\u00e3o de nossos gestores de afiliados. Podemos solicitar algumas informa\u00e7\u00f5es sobre o teu neg\u00f3cio, os teus planos promocionais e os teus objectivos para te poder ajudar a atingir o sucesso.[\/vc_column_text]    <\/div>\n<\/div>\n<div class=\"mkd-accordion-title-holder\">\n\n    \n    <h6 class=\"clearfix mkd-accordion-title\">\n    TENHO QUE TER UM SITE PARA SER AFILIADO?<\/h6>\n\n<div class=\"mkd-accordion-mark-holder\">\n    <div class=\"mkd-accordion-mark-icon\">\n        <span class=\"arrow_carrot-up mkd-close\"><\/span>\n        <span class=\"arrow_carrot-down mkd-open\"><\/span>\n    <\/div>\n<\/div><!-- .mkd-accordion-mark-holder -->\n\n<\/div><!-- .mkd-accordion-title-holder -->\n<div class=\"mkd-accordion-content\">\n    <div class=\"mkd-accordion-content-inner\">\n        [vc_column_text]N\u00e3o, n\u00e3o existe qualquer obrigatoriedade de ter um site para promover o nosso Placard. Por exemplo os influenciadores das redes sociais raramente t\u00eam sites e no entanto s\u00e3o dos nossos melhores afiliados e promovem o Placard da melhor forma.[\/vc_column_text]    <\/div>\n<\/div>\n<div class=\"mkd-accordion-title-holder\">\n\n    \n    <h6 class=\"clearfix mkd-accordion-title\">\n    COMO S\u00c3O CALCULADAS AS COMISS\u00d5ES?<\/h6>\n\n<div class=\"mkd-accordion-mark-holder\">\n    <div class=\"mkd-accordion-mark-icon\">\n        <span class=\"arrow_carrot-up mkd-close\"><\/span>\n        <span class=\"arrow_carrot-down mkd-open\"><\/span>\n    <\/div>\n<\/div><!-- .mkd-accordion-mark-holder -->\n\n<\/div><!-- .mkd-accordion-title-holder -->\n<div class=\"mkd-accordion-content\">\n    <div class=\"mkd-accordion-content-inner\">\n        [vc_column_text]Regra geral todas as percentagens de comiss\u00e3o s\u00e3o calculadas atrav\u00e9s do NGR (Net Gaming Revenue) que \u00e9 o lucro net j\u00e1 com dedu\u00e7\u00f5es. A formula base \u00e9 GGR (que \u00e9 o bruto de depositos menos vit\u00f3rias em jogo) menos (-) b\u00f3nus, freespins, freeplay, chargebacks menos (-) 5% de fee administrativo.[\/vc_column_text]    <\/div>\n<\/div>\n<div class=\"mkd-accordion-title-holder\">\n\n    \n    <h6 class=\"clearfix mkd-accordion-title\">\n    COMO S\u00c3O PAGAS AS COMISS\u00d5ES?<\/h6>\n\n<div class=\"mkd-accordion-mark-holder\">\n    <div class=\"mkd-accordion-mark-icon\">\n        <span class=\"arrow_carrot-up mkd-close\"><\/span>\n        <span class=\"arrow_carrot-down mkd-open\"><\/span>\n    <\/div>\n<\/div><!-- .mkd-accordion-mark-holder -->\n\n<\/div><!-- .mkd-accordion-title-holder -->\n<div class=\"mkd-accordion-content\">\n    <div class=\"mkd-accordion-content-inner\">\n        [vc_column_text]Podes seleccionar uma s\u00e9rie de m\u00e9todos de pagamento que est\u00e3o sincronizados com a nossa plataforma atual. Os mais comuns s\u00e3o transfer\u00eancia banc\u00e1ria, Skrill, NETELLER, ou diretamente para a conta de jogador (se tiveres uma conta no Placard.co.mz) ou criptomoeda (dispon\u00edvel apenas para determinados territ\u00f3rios por motivos de conformidade). Aten\u00e7\u00e3o que h\u00e1 montantes m\u00ednimos de levantamentos a realizar.[\/vc_column_text]    <\/div>\n<\/div>\n<div class=\"mkd-accordion-title-holder\">\n\n    \n    <h6 class=\"clearfix mkd-accordion-title\">\n    ONDE POSSO PEDIR BANNERS E OUTROS MATERIAIS?<\/h6>\n\n<div class=\"mkd-accordion-mark-holder\">\n    <div class=\"mkd-accordion-mark-icon\">\n        <span class=\"arrow_carrot-up mkd-close\"><\/span>\n        <span class=\"arrow_carrot-down mkd-open\"><\/span>\n    <\/div>\n<\/div><!-- .mkd-accordion-mark-holder -->\n\n<\/div><!-- .mkd-accordion-title-holder -->\n<div class=\"mkd-accordion-content\">\n    <div class=\"mkd-accordion-content-inner\">\n        [vc_column_text]No software de afiliados h\u00e1 a possibilidade de retirar de forma automatizada os banners e materiais promocionais necess\u00e1rios, j\u00e1 com o tracking code (c\u00f3digo de seguimento) ou com o c\u00f3digo para colocar em sites por exemplo. Tamb\u00e9m aceitamos pedidos de tamanhos espec\u00edficos atrav\u00e9s do nosso email de contacto em afiliados@placardpartners.com[\/vc_column_text]    <\/div>\n<\/div>\n<div class=\"mkd-accordion-title-holder\">\n\n    \n    <h6 class=\"clearfix mkd-accordion-title\">\n    ONDE POSSO PROMOVER O PLACARD.CO.MZ<\/h6>\n\n<div class=\"mkd-accordion-mark-holder\">\n    <div class=\"mkd-accordion-mark-icon\">\n        <span class=\"arrow_carrot-up mkd-close\"><\/span>\n        <span class=\"arrow_carrot-down mkd-open\"><\/span>\n    <\/div>\n<\/div><!-- .mkd-accordion-mark-holder -->\n\n<\/div><!-- .mkd-accordion-title-holder -->\n<div class=\"mkd-accordion-content\">\n    <div class=\"mkd-accordion-content-inner\">\n        [vc_column_text]Apesar de poderes promover o placard a todos os teus amigos apenas pessoas residentes em Mo\u00e7ambique podem jogar no Placard.co.mz. N\u00f3s somos uma marca segura e licenciada pela comiss\u00e3o de jogos em Mo\u00e7ambique e por esse motivo levamos o nosso compromisso com o jogo muito a s\u00e9rio.[\/vc_column_text]    <\/div>\n<\/div>\n<div class=\"mkd-accordion-title-holder\">\n\n    \n    <h6 class=\"clearfix mkd-accordion-title\">\n    O QUE S\u00c3O SUB AFILIADOS?<\/h6>\n\n<div class=\"mkd-accordion-mark-holder\">\n    <div class=\"mkd-accordion-mark-icon\">\n        <span class=\"arrow_carrot-up mkd-close\"><\/span>\n        <span class=\"arrow_carrot-down mkd-open\"><\/span>\n    <\/div>\n<\/div><!-- .mkd-accordion-mark-holder -->\n\n<\/div><!-- .mkd-accordion-title-holder -->\n<div class=\"mkd-accordion-content\">\n    <div class=\"mkd-accordion-content-inner\">\n        [vc_column_text]Subafiliados s\u00e3o afiliados que podem ser colocados abaixo da tua conta de afilia\u00e7\u00e3o. Imagina que tens um amigo que \u00e9 afiliado, podes convid\u00e1-lo a promover o Placard e ganhas uma comiss\u00e3o sobre aquilo que ele ganhar tamb\u00e9m. No Placard Partners queremos que todos sejam vencedores![\/vc_column_text]    <\/div>\n<\/div><\/div>            <\/div>\n        <\/div>\n    <\/div>\n<\/div><\/div>[\/vc_column][vc_column offset=&#8221;vc_col-lg-offset-0 vc_col-lg-6 vc_col-md-offset-0 vc_col-md-12&#8243;][vc_column_text]<\/p>\n<h4>D\u00favidas? Estamos aqui!<\/h4>\n<p>[\/vc_column_text][vc_column_text]Na Placard Partners, oferecemos aos nossos parceiros e afiliados os recursos de que precisa para melhorar continuamente a oferta e procura de jogadores.<br \/>\nTrabalhos para optimizar os teus esfor\u00e7os e queremos que tenhas sucesso num ambiente competitivo em constante mudan\u00e7a. Uma equipa sempre dispon\u00edvel para criar materiais de marketing e promo\u00e7\u00f5es personalizadas que atendam \u00e0s tuas necessidades individuais.[\/vc_column_text][vc_empty_space height=&#8221;42px&#8221;]<div class=\"mkd-unordered-list \" >\n\n            <ul>\n                            <li class=\"mkd-list-item\" >\n\n                    \n                    <span class=\"icon\"><i class=\"mkd-icon-font-awesome fa fa-circle \" style=\"color:#c1e729;font-size:8px\" ><\/i><\/span>\n                    <span class=\"text\" >Marca Licenciada e Segura<\/span>\n                <\/li>\n                            <li class=\"mkd-list-item\" >\n\n                    \n                    <span class=\"icon\"><i class=\"mkd-icon-font-awesome fa fa-circle \" style=\"color:#c1e729;font-size:8px\" ><\/i><\/span>\n                    <span class=\"text\" >Equipa de marketing profissional ao seu servi\u00e7o<\/span>\n                <\/li>\n                            <li class=\"mkd-list-item\" >\n\n                    \n                    <span class=\"icon\"><i class=\"mkd-icon-font-awesome fa fa-circle \" style=\"color:#c1e729;font-size:8px\" ><\/i><\/span>\n                    <span class=\"text\" >Convers\u00e3o de n\u00edvel superior e suporte multil\u00edngue<\/span>\n                <\/li>\n                            <li class=\"mkd-list-item\" >\n\n                    \n                    <span class=\"icon\"><i class=\"mkd-icon-font-awesome fa fa-circle \" style=\"color:#c1e729;font-size:8px\" ><\/i><\/span>\n                    <span class=\"text\" >Desde sempre a apoiar causas importantes<\/span>\n                <\/li>\n                            <li class=\"mkd-list-item\" >\n\n                    \n                    <span class=\"icon\"><i class=\"mkd-icon-font-awesome fa fa-circle \" style=\"color:#c1e729;font-size:8px\" ><\/i><\/span>\n                    <span class=\"text\" >Ferramentas de marketing de \u00faltima gera\u00e7\u00e3o<\/span>\n                <\/li>\n                    <\/ul>\n    \n<\/div>[vc_empty_space][vc_row_inner][vc_column_inner width=&#8221;1\/3&#8243;][vc_single_image image=&#8221;6159&#8243; img_size=&#8221;full&#8221;][vc_empty_space height=&#8221;9px&#8221;]\n<div class=\"mkd-custom-font-holder\" style=\"font-family: Titillium web;font-size: 19px;line-height: 27px;font-weight: 600;color: #0d0d0d\" data-font-size= 19 data-line-height= 27>\n\tPorqu\u00ea o Placard?<\/div>[vc_empty_space height=&#8221;4px&#8221;][vc_column_text]Excel\u00eancia, transpar\u00eancia, amizade e humanidade![\/vc_column_text][vc_empty_space][\/vc_column_inner][vc_column_inner width=&#8221;1\/3&#8243;][vc_single_image image=&#8221;6160&#8243; img_size=&#8221;full&#8221;][vc_empty_space height=&#8221;9px&#8221;]\n<div class=\"mkd-custom-font-holder\" style=\"font-family: Titillium web;font-size: 19px;line-height: 27px;font-weight: 600;color: #0d0d0d\" data-font-size= 19 data-line-height= 27>\n\tPorqu\u00ea Esperar?<\/div>[vc_empty_space height=&#8221;4px&#8221;][vc_column_text]Vamos promover esta grande marca e ganhar juntos![\/vc_column_text][vc_empty_space][\/vc_column_inner][vc_column_inner width=&#8221;1\/3&#8243;][vc_single_image image=&#8221;6161&#8243; img_size=&#8221;full&#8221;][vc_empty_space height=&#8221;9px&#8221;]\n<div class=\"mkd-custom-font-holder\" style=\"font-family: Titillium web;font-size: 19px;line-height: 27px;font-weight: 600;color: #0d0d0d\" data-font-size= 19 data-line-height= 27>\n\tVamos ganhar juntos?<\/div>[vc_empty_space height=&#8221;4px&#8221;][vc_column_text]Regista-te hoje mesmo e descobre a magia do Placard.[\/vc_column_text][vc_empty_space][\/vc_column_inner][\/vc_row_inner][\/vc_column][\/vc_row][vc_row css=&#8221;.vc_custom_1489397940285{padding-top: 35px !important;padding-bottom: 39px !important;background-image: url(http:\/\/trophy.mikado-themes.com\/wp-content\/uploads\/2017\/02\/h1-call-to-action-background.jpg?id=5983) !important;}&#8221;][vc_column]\t<div class=\"mkd-call-to-action normal mkd-light\">\n\n\t\t\t\t<div class=\"mkd-container-inner\">\n\t\t\t\t\t<div class=\"mkd-call-to-action-row-75-25 clearfix\" style=\"padding: 0;\">\n\t\t\t\t\t\t<div class=\"mkd-text-wrapper mkd-call-to-action-column1 mkd-call-to-action-cell\">\n\t\t\t\t\t\t\t\t\t<div class=\"mkd-call-to-action-text\" >\n<div class=\"mkd-text-wrapper mkd-call-to-action-column1 mkd-call-to-action-cell\">\n<div class=\"mkd-call-to-action-text\">\n<h4><strong>Junta-te a n\u00f3s, Promove o Placard e Ganha a cada passo na plataforma<\/strong>.<\/h4>\n<\/div>\n<\/div>\n<\/div>\n\t\t\t\t<\/div>\n\n\t\t\t\t\t\t\t\t\t<div class=\"mkd-button-wrapper mkd-call-to-action-column2 mkd-call-to-action-cell\" style =\"text-align: right ;\">\n\t\t\t\t\t\t<a itemprop=\"url\" href=\"https:\/\/affiliate.placard.co.mz\/signup.html?l=140\" target=\"_blank\"  class=\"mkd-btn mkd-btn-large mkd-btn-solid mkd-light\"  >    <span class=\"mkd-btn-text\">Registar<\/span>    <\/a>\t\t\t\t\t<\/div>\n\t\t\t\t\t\t\t<\/div>\n\t\t\t\t<\/div>\n\t\t\t<\/div>\n[\/vc_column][\/vc_row]<\/p>\n<\/section>","protected":false},"excerpt":{"rendered":"<p>[vc_row content_width=&#8221;grid&#8221; css=&#8221;.vc_custom_1488963727902{padding-top: 67px !important;padding-bottom: 52px !important;}&#8221;][vc_column offset=&#8221;vc_col-lg-offset-0 vc_col-lg-6 vc_col-md-offset-0 vc_col-md-12&#8243;][\/vc_column][vc_column offset=&#8221;vc_col-lg-offset-0 vc_col-lg-6 vc_col-md-offset-0 vc_col-md-12&#8243;][vc_column_text] D\u00favidas? Estamos aqui! [\/vc_column_text][vc_column_text]Na Placard Partners, oferecemos aos nossos parceiros e afiliados os recursos de que precisa para melhorar continuamente a oferta e procura de jogadores. Trabalhos para optimizar os&#8230;<\/p>\n","protected":false},"author":1,"featured_media":0,"parent":0,"menu_order":0,"comment_status":"closed","ping_status":"closed","template":"full-width.php","meta":{"footnotes":""},"class_list":["post-6102","page","type-page","status-publish","hentry"],"_links":{"self":[{"href":"https:\/\/placard.gamelabs.pt\/wp\/wp-json\/wp\/v2\/pages\/6102","targetHints":{"allow":["GET"]}}],"collection":[{"href":"https:\/\/placard.gamelabs.pt\/wp\/wp-json\/wp\/v2\/pages"}],"about":[{"href":"https:\/\/placard.gamelabs.pt\/wp\/wp-json\/wp\/v2\/types\/page"}],"author":[{"embeddable":true,"href":"https:\/\/placard.gamelabs.pt\/wp\/wp-json\/wp\/v2\/users\/1"}],"replies":[{"embeddable":true,"href":"https:\/\/placard.gamelabs.pt\/wp\/wp-json\/wp\/v2\/comments?post=6102"}],"version-history":[{"count":8,"href":"https:\/\/placard.gamelabs.pt\/wp\/wp-json\/wp\/v2\/pages\/6102\/revisions"}],"predecessor-version":[{"id":10504,"href":"https:\/\/placard.gamelabs.pt\/wp\/wp-json\/wp\/v2\/pages\/6102\/revisions\/10504"}],"wp:attachment":[{"href":"https:\/\/placard.gamelabs.pt\/wp\/wp-json\/wp\/v2\/media?parent=6102"}],"curies":[{"name":"wp","href":"https:\/\/api.w.org\/{rel}","templated":true}]}}